{"id":10182,"date":"2023-10-16T07:36:54","date_gmt":"2023-10-16T05:36:54","guid":{"rendered":"https:\/\/schweitzer-messtechnik.de\/?page_id=10182"},"modified":"2024-05-13T16:58:33","modified_gmt":"2024-05-13T14:58:33","slug":"sensor-mit-anschlusskopf-allgemein","status":"publish","type":"page","link":"http:\/\/relaunch.thgraef.de\/?page_id=10182","title":{"rendered":"SENSOR mit Anschlusskopf &#8211; Allgemein"},"content":{"rendered":"<p>[vc_row content_placement=&#8220;middle&#8220; responsive_css=&#8220;padding_top_medium:135px&#8220; css=&#8220;.vc_custom_1608904295031{padding-top: 90px !important;padding-bottom: 30px !important;}&#8220;][vc_column width=&#8220;1\/2&#8243; enable_content_animation=&#8220;yes&#8220; ca_init_scale_x=&#8220;1&#8243; ca_init_scale_y=&#8220;1&#8243; ca_init_opacity=&#8220;0&#8243; ca_an_scale_x=&#8220;1&#8243; ca_an_scale_y=&#8220;1&#8243; ca_an_opacity=&#8220;1&#8243; ca_duration=&#8220;1600&#8243; ca_delay=&#8220;120&#8243; ca_init_translate_y=&#8220;45&#8243; ca_init_rotate_z=&#8220;0&#8243; responsive_css=&#8220;padding_left_large:7%25|margin_bottom_small:0px&#8220; css=&#8220;.vc_custom_1696917760322{margin-right: -100px !important;margin-bottom: 55px !important;}&#8220; ca_start_delay=&#8220;500&#8243;][ld_fancy_heading tag=&#8220;h2&#8243; use_custom_fonts_title=&#8220;true&#8220; fs=&#8220;text_large:70px&#8220; fw=&#8220;text_small:700&#8243; ls=&#8220;text_small:-0.015em&#8220; lh=&#8220;text_small:1em&#8220; margin=&#8220;bottom_small:0px&#8220; color=&#8220;rgb(2, 170, 221)&#8220;]Sensor mit Anschlusskopf &#8211; Allgemein[\/ld_fancy_heading][ld_spacer height=&#8220;10px&#8220;][ld_fancy_heading tag=&#8220;h2&#8243; highlight_height=&#8220;0.15em&#8220; highlight_offset=&#8220;0.325em&#8220; hover_text_outline=&#8220;ld-fh-outline&#8220; outline_appearance=&#8220;ld-fh-outline-static&#8220; use_custom_fonts_title=&#8220;true&#8220; color=&#8220;rgb(15, 90, 100)&#8220; fs=&#8220;text_all:35px|text_large:30&#8243; ls=&#8220;text_small:-0.015em&#8220; lh=&#8220;text_small:1em&#8220; margin=&#8220;bottom_small:0px&#8220; hover_text_outline_color=&#8220;rgb(0, 0, 0)&#8220; highlight_color=&#8220;rgba(255, 126, 126, 0.65)&#8220; hover_text_outline_width=&#8220;1px&#8220; fw=&#8220;text_small:700&#8243;]mit uns verpassen Sie<br \/>\nnicht den Anschluss![\/ld_fancy_heading][ld_spacer height=&#8220;10px&#8220;][ld_fancy_heading tag=&#8220;p&#8220; ca_init_scale_x=&#8220;1&#8243; ca_init_scale_y=&#8220;1&#8243; ca_init_opacity=&#8220;1&#8243; ca_an_scale_x=&#8220;1&#8243; ca_an_scale_y=&#8220;1&#8243; ca_an_opacity=&#8220;1&#8243; use_custom_fonts_title=&#8220;true&#8220; enable_split=&#8220;true&#8220; use_mask=&#8220;true&#8220; color=&#8220;rgba(70, 77, 101, 0.8)&#8220; fs=&#8220;text_small:18px&#8220; lh=&#8220;text_small:1.44em&#8220; margin=&#8220;right_all:22%25|bottom_small:1em&#8220;]Diese Sensoren k\u00f6nnen in verschiedensten Anwendungsbereichen Einsatz finden. Mit Schutzrohr aus Edelstahl, K\u00f6pfen aus verschiedenen Materialien und weitere M\u00f6glichkeiten individuell konfigurierbar. Anwendungen: <strong>Prozessindustrie, produzierende Industrie,<\/strong><br \/>\n<strong>Wasser und Abwasser, Kraftwerk, etc<\/strong>.[\/ld_fancy_heading][ld_button style=&#8220;btn-naked&#8220; title=&#8220;Jetzt beraten lassen&#8220; i_type=&#8220;linea&#8220; i_hover_reveal=&#8220;btn-hover-swp&#8220; i_add_icon=&#8220;true&#8220; link=&#8220;url:http%3A%2F%2Fschweitzer-messtechnik.de%2Fcontact%2F|title:Kontakt||&#8220; i_icon_linea=&#8220;lqd-icn-ess icon-md-arrow-forward&#8220; fs=&#8220;text_small:18px&#8220;][\/vc_column][vc_column width=&#8220;1\/2&#8243; gradient_bg_color=&#8220;linear-gradient(50deg, rgba(255,255,255,0) 100%, #ac1de1 100%)&#8220;][vc_single_image image=&#8220;10183&#8243;][\/vc_column][\/vc_row][vc_row][vc_column][vc_row_inner equal_height=&#8220;yes&#8220; content_placement=&#8220;middle&#8220;][vc_column_inner offset=&#8220;vc_col-md-6&#8243; responsive_align=&#8220;text-center text-sm-left&#8220;][ld_hotspots image=&#8220;10192&#8243; identities=&#8220;%5B%7B%22title%22%3A%22Anschlu%C3%9Fkopf%22%2C%22description%22%3A%22Alu%20Form%20B%20%22%2C%22position%22%3A%22lqd-hotspot-t%22%2C%22top%22%3A%2230%25%22%2C%22right%22%3A%2223%25%22%7D%2C%7B%22title%22%3A%22Halsrohr%22%2C%22description%22%3A%22verschiedene%20L%C3%A4ngen%20%22%2C%22position%22%3A%22lqd-hotspot-t%22%2C%22top%22%3A%2250%25%22%2C%22right%22%3A%2237%25%22%7D%2C%7B%22title%22%3A%22Prozessanschluss%22%2C%22description%22%3A%22verschiedene%20Gewinde%22%2C%22position%22%3A%22lqd-hotspot-t%22%2C%22top%22%3A%2253%25%22%2C%22right%22%3A%2253%25%22%7D%2C%7B%22title%22%3A%22Schutzrohr%20%20%22%2C%22description%22%3A%22aus%20Edelstahl%22%2C%22position%22%3A%22lqd-hotspot-t%22%2C%22top%22%3A%2259%25%22%2C%22right%22%3A%2263%25%22%7D%2C%7B%22title%22%3A%22Messspitze%22%2C%22description%22%3A%22reduziert%22%2C%22position%22%3A%22lqd-hotspot-t%22%2C%22top%22%3A%2268%25%22%2C%22left%22%3A%2220%25%22%7D%5D&#8220;][\/vc_column_inner][vc_column_inner offset=&#8220;vc_col-md-offset-1 vc_col-md-5&#8243; responsive_css=&#8220;margin_bottom_medium:0px&#8220; css=&#8220;.vc_custom_1605605525437{margin-bottom: 30px !important;}&#8220; responsive_align=&#8220;text-center text-sm-left&#8220;][ld_fancy_heading tag=&#8220;h2&#8243; use_inheritance=&#8220;true&#8220; margin=&#8220;bottom_small:0.35em&#8220;]Individuell f\u00fcr Ihre Anspr\u00fcche[\/ld_fancy_heading][ld_fancy_heading tag=&#8220;p&#8220; use_custom_fonts_title=&#8220;true&#8220; fs=&#8220;text_small:16px&#8220; margin=&#8220;bottom_small:0.85em&#8220; color=&#8220;rgb(2, 170, 221)&#8220;]Wir fertigen genauso, wie es Ihre Situation fordert.[\/ld_fancy_heading][\/vc_column_inner][\/vc_row_inner][\/vc_column][\/vc_row][vc_row disable_element=&#8220;yes&#8220; css=&#8220;.vc_custom_1715612181244{margin-top: -70px !important;}&#8220;][vc_column width=&#8220;1\/2&#8243;][\/vc_column][vc_column width=&#8220;1\/2&#8243; css=&#8220;.vc_custom_1687950729025{padding-left: 80px !important;}&#8220;][ld_button style=&#8220;btn-solid&#8220; title=&#8220;technisches Datenblatt&#8220; link_type=&#8220;scroll_to_section&#8220; i_type=&#8220;linea&#8220; i_shape=&#8220;btn-icon-circle&#8220; i_shape_style=&#8220;btn-icon-solid&#8220; i_shape_size=&#8220;btn-icon-custom-size&#8220; i_add_icon=&#8220;true&#8220; i_icon_linea=&#8220;lqd-icn-ess icon-ion-ios-arrow-forward&#8220; i_size=&#8220;18px&#8220; i_shape_custom_size=&#8220;41px&#8220; i_margin_left=&#8220;11px&#8220; i_color=&#8220;rgb(15, 64, 100)&#8220; text_color=&#8220;rgb(255, 255, 255)&#8220; fs=&#8220;text_small:18px&#8220; i_fill_hcolor=&#8220;rgba(255, 255, 255, 0.15)&#8220; css=&#8220;.vc_custom_1689317917277{border-top-width: 15px !important;border-bottom-width: 15px !important;padding-left: 20px !important;background-image: url(http:\/\/relaunch.thgraef.de\/wp-content\/uploads\/2023\/05\/schraeg-element2.4.svg?id=9413) !important;background-position: center !important;background-repeat: no-repeat !important;background-size: cover !important;}&#8220; hover_color=&#8220;rgba(0, 0, 0, 0)&#8220; color=&#8220;rgba(0, 0, 0, 0)&#8220; color2=&#8220;rgba(0, 0, 0, 0)&#8220; hover_color2=&#8220;rgba(0, 0, 0, 0)&#8220;][ld_spacer height=&#8220;100px&#8220;][\/vc_column][\/vc_row][vc_row css=&#8220;.vc_custom_1687951197539{margin-top: -70px !important;}&#8220;][vc_column width=&#8220;1\/2&#8243;][\/vc_column][vc_column width=&#8220;1\/2&#8243; css=&#8220;.vc_custom_1687950729025{padding-left: 80px !important;}&#8220;][ld_spacer height=&#8220;100px&#8220;][\/vc_column][\/vc_row][vc_row equal_height=&#8220;yes&#8220; css=&#8220;.vc_custom_1689684531697{padding-bottom: 20px !important;background-color: #efefef !important;}&#8220; responsive_css=&#8220;padding_top_medium:120px|padding_bottom_medium:80px&#8220;][vc_column enable_content_animation=&#8220;yes&#8220; ca_init_scale_x=&#8220;1&#8243; ca_init_scale_y=&#8220;1&#8243; ca_init_opacity=&#8220;0&#8243; ca_an_scale_x=&#8220;1&#8243; ca_an_scale_y=&#8220;1&#8243; ca_an_opacity=&#8220;1&#8243; align=&#8220;text-center&#8220; offset=&#8220;vc_col-md-offset-3 vc_col-md-6&#8243; css=&#8220;.vc_custom_1689684541664{margin-top: -40px !important;margin-bottom: 50px !important;}&#8220; ca_duration=&#8220;1800&#8243; ca_delay=&#8220;180&#8243; ca_init_translate_y=&#8220;35&#8243; responsive_align=&#8220;text-center&#8220;][ld_fancy_heading tag=&#8220;h6&#8243; transform=&#8220;text-uppercase&#8220; enable_bg=&#8220;yes&#8220; fh_border_radius=&#8220;circle&#8220; use_custom_fonts_title=&#8220;true&#8220; fs=&#8220;text_small:13px&#8220; ls=&#8220;text_small:0.05em&#8220; margin=&#8220;bottom_small:1.75em&#8220; fh_bg=&#8220;rgb(205, 23, 25)&#8220; padding=&#8220;top_small:6px|right_small:13px|bottom_small:6px|left_small:13px&#8220; color=&#8220;rgb(255, 255, 255)&#8220;]weitere Information[\/ld_fancy_heading][\/vc_column][vc_column][vc_row_inner enable_content_animation=&#8220;yes&#8220; equal_height=&#8220;yes&#8220; ca_init_scale_x=&#8220;1&#8243; ca_init_scale_y=&#8220;1&#8243; ca_init_opacity=&#8220;0&#8243; ca_an_scale_x=&#8220;1&#8243; ca_an_scale_y=&#8220;1&#8243; ca_an_opacity=&#8220;1&#8243; ca_duration=&#8220;1800&#8243; ca_delay=&#8220;180&#8243; ca_init_translate_y=&#8220;60&#8243; ca_init_rotate_x=&#8220;-25&#8243;][vc_column_inner enable_hover_move=&#8220;lqd-column-move-onhover&#8220; hover_move_value=&#8220;-5px&#8220; offset=&#8220;vc_col-md-6&#8243;][ld_icon_box i_type=&#8220;fontawesome&#8220; heading_size=&#8220;custom&#8220; i_size=&#8220;xs&#8220; position=&#8220;iconbox-side&#8220; fill=&#8220;yes&#8220; border_radius=&#8220;iconbox-round&#8220; shadow=&#8220;iconbox-shadow&#8220; title=&#8220;Anwendungsgebiete&#8220; title_mb=&#8220;15&#8243; custom_heading_size=&#8220;22px&#8220; fill_color=&#8220;rgb(255, 255, 255)&#8220; i_icon_fontawesome=&#8220;fas fa-hand-point-up&#8220; i_color=&#8220;rgb(205, 23, 25)&#8220;]<span style=\"font-size: 18px;\">Mit seinem Edelstahl-Schutzrohr ist er f\u00fcr allgemeine Anwendungen geeignet. Sehr kurze Ansprechzeit mit d\u00fcnnem Schutzrohr oder reduzierter Spitze. Messeinsatz fest eingebaut oder wechselbar mit Keramiksockel oder Transmitter. Erh\u00e4ltlich auch mit Einschwei\u00dfmuffen.<\/span><\/p>\n<p>[\/ld_icon_box][\/vc_column_inner][vc_column_inner enable_hover_move=&#8220;lqd-column-move-onhover&#8220; hover_move_value=&#8220;-5px&#8220; offset=&#8220;vc_col-md-6&#8243;][ld_icon_box i_type=&#8220;fontawesome&#8220; heading_size=&#8220;custom&#8220; i_size=&#8220;xs&#8220; position=&#8220;iconbox-side&#8220; fill=&#8220;yes&#8220; border_radius=&#8220;iconbox-round&#8220; shadow=&#8220;iconbox-shadow&#8220; title=&#8220;Materialien&#8220; title_mb=&#8220;15&#8243; custom_heading_size=&#8220;22px&#8220; fill_color=&#8220;rgb(255, 255, 255)&#8220; i_icon_fontawesome=&#8220;fas fa-braille&#8220; i_color=&#8220;rgb(205, 23, 25)&#8220;]<span style=\"font-size: 18px;\">Medienber\u00fchrend und ggf. Halsrohr aus Edelstahl, Kopf aus Aluminium, Edelstahl, POM, PTFE. Alle Einzelkomponenten sind individuell konfigurier- und anpassbar.<\/span><\/p>\n<p>&nbsp;<\/p>\n<p>&nbsp;<\/p>\n<p>[\/ld_icon_box][\/vc_column_inner][\/vc_row_inner][\/vc_column][vc_column][\/vc_column][\/vc_row][vc_row full_width=&#8220;stretch_row&#8220; gap=&#8220;0&#8243; bg_position=&#8220;center center&#8220; enable_overlay=&#8220;yes&#8220; css=&#8220;.vc_custom_1697175992669{padding-bottom: 60px !important;background-image: url(http:\/\/relaunch.thgraef.de\/wp-content\/uploads\/2023\/05\/Lager.jpg?id=9433) !important;background-position: center !important;background-repeat: no-repeat !important;background-size: cover !important;}&#8220; responsive_css=&#8220;padding_bottom_medium:120px&#8220; overlay_bg=&#8220;rgba(122, 122, 122, 0.85)&#8220;][vc_column css=&#8220;.vc_custom_1687089677533{margin-top: 50px !important;}&#8220;][ld_carousel_tab columns=&#8220;md:2.75|sm:2|xs:1|spacing_xs:3%25&#8243; inactiv_opacity=&#8220;1&#8243; pagenationdots=&#8220;yes&#8220; groupcells=&#8220;no&#8220; wraparound=&#8220;yes&#8220; autoplay=&#8220;yes&#8220; randomveroffset=&#8220;yes&#8220; dots_type=&#8220;numbers&#8220; number_style=&#8220;line&#8220; align_dots=&#8220;carousel-dots-center&#8220; dots_right_offset=&#8220;0px&#8220; dots_bottom_offset=&#8220;-90px&#8220; dots_left_offset=&#8220;0px&#8220; mobile_dots_bottom_offset_outside=&#8220;0px&#8220;][ld_carousel_section title=&#8220;test&#8220; tab_id=&#8220;lqd-1687341805451-c00b8c3b-8395ea90-828be162-98c0132e-76f456f0-5067&#8243;][vc_row_inner css=&#8220;.vc_custom_1687339714548{background-color: rgba(255,255,255,0.75) !important;*background-color: rgb(255,255,255) !important;}&#8220;][vc_column_inner enable_link=&#8220;enable_column_link&#8220; link=&#8220;url:http%3A%2F%2Fschweitzer-messtechnik.de%2Fsensor-mit-anschlusskopf-allgemein%2F|title:SensorHandgriff1||&#8220;][vc_single_image image=&#8220;10192&#8243; css=&#8220;.vc_custom_1697450378826{background-color: rgba(255,255,255,0.01) !important;*background-color: rgb(255,255,255) !important;}&#8220;][vc_column_text]<\/p>\n<p style=\"text-align: center;\"><span style=\"color: #000000; font-size: 21px;\"><strong>Sensor mit Anschlusskopf Allgemein<br \/>\n<\/strong><\/span><\/p>\n<p>[\/vc_column_text][ld_spacer][\/vc_column_inner][\/vc_row_inner][\/ld_carousel_section][ld_carousel_section title=&#8220;test&#8220; tab_id=&#8220;lqd-1690196876581-8be505bd-5d7456f0-5067&#8243;][vc_row_inner css=&#8220;.vc_custom_1687339714548{background-color: rgba(255,255,255,0.75) !important;*background-color: rgb(255,255,255) !important;}&#8220;][vc_column_inner enable_link=&#8220;enable_column_link&#8220; link=&#8220;url:http%3A%2F%2Fschweitzer-messtechnik.de%2Fsensor-mit-anschlusskopf-flansch%2F|title:SensorHandgriff1||&#8220;][vc_single_image image=&#8220;10212&#8243; css=&#8220;.vc_custom_1697450467296{background-color: rgba(255,255,255,0.01) !important;*background-color: rgb(255,255,255) !important;}&#8220;][vc_column_text]<\/p>\n<p style=\"text-align: center;\"><span style=\"color: #000000; font-size: 21px;\"><strong>Sensor mit Anschlusskopf Flansch<br \/>\n<\/strong><\/span><\/p>\n<p>[\/vc_column_text][ld_spacer][\/vc_column_inner][\/vc_row_inner][\/ld_carousel_section][ld_carousel_section title=&#8220;test&#8220; tab_id=&#8220;lqd-1687342623492-4a5a4f70-8d5eea90-828be162-98c0132e-76f456f0-5067&#8243;][vc_row_inner css=&#8220;.vc_custom_1687339714548{background-color: rgba(255,255,255,0.75) !important;*background-color: rgb(255,255,255) !important;}&#8220;][vc_column_inner enable_link=&#8220;enable_column_link&#8220; link=&#8220;url:http%3A%2F%2Fschweitzer-messtechnik.de%2Fsensor-mit-anschlusskopf-hygiene%2F|title:Handsensor%20Chemie||&#8220;][vc_single_image image=&#8220;10220&#8243; css=&#8220;.vc_custom_1697450507512{background-color: rgba(255,255,255,0.01) !important;*background-color: rgb(255,255,255) !important;}&#8220;][vc_column_text]<\/p>\n<p style=\"text-align: center;\"><span style=\"color: #000000;\"><strong><span style=\"font-size: 21px;\">Sensor mit Anschlusskopf Hygiene<\/span><br \/>\n<\/strong><\/span><\/p>\n<p>[\/vc_column_text][ld_spacer][\/vc_column_inner][\/vc_row_inner][\/ld_carousel_section][ld_carousel_section title=&#8220;test&#8220; tab_id=&#8220;lqd-1697450496240-48ddc8e4-72ee56f0-5067&#8243;][vc_row_inner css=&#8220;.vc_custom_1687339714548{background-color: rgba(255,255,255,0.75) !important;*background-color: rgb(255,255,255) !important;}&#8220;][vc_column_inner enable_link=&#8220;enable_column_link&#8220; link=&#8220;url:http%3A%2F%2Fschweitzer-messtechnik.de%2Fsensor-mit-anschlusskopf-luftsensor%2F|title:Handsensor%20Chemie||&#8220;][vc_single_image image=&#8220;10238&#8243; css=&#8220;.vc_custom_1697450530773{background-color: rgba(255,255,255,0.01) !important;*background-color: rgb(255,255,255) !important;}&#8220;][vc_column_text]<\/p>\n<p style=\"text-align: center;\"><span style=\"color: #000000;\"><strong><span style=\"font-size: 21px;\">Sensor mit Anschlusskopf Luftsensor<\/span><br \/>\n<\/strong><\/span><\/p>\n<p>[\/vc_column_text][ld_spacer][\/vc_column_inner][\/vc_row_inner][\/ld_carousel_section][\/ld_carousel_tab][\/vc_column][\/vc_row]<\/p>\n","protected":false},"excerpt":{"rendered":"<p>[vc_row content_placement=&#8220;middle&#8220; responsive_css=&#8220;padding_top_medium:135px&#8220; css=&#8220;.vc_custom_1608904295031{padding-top: 90px !important;padding-bottom: 30px !important;}&#8220;][vc_column width=&#8220;1\/2&#8243; enable_content_animation=&#8220;yes&#8220; ca_init_scale_x=&#8220;1&#8243; ca_init_scale_y=&#8220;1&#8243; ca_init_opacity=&#8220;0&#8243; ca_an_scale_x=&#8220;1&#8243; ca_an_scale_y=&#8220;1&#8243; ca_an_opacity=&#8220;1&#8243; ca_duration=&#8220;1600&#8243; ca_delay=&#8220;120&#8243; ca_init_translate_y=&#8220;45&#8243; ca_init_rotate_z=&#8220;0&#8243; responsive_css=&#8220;padding_left_large:7%25|margin_bottom_small:0px&#8220; css=&#8220;.vc_custom_1696917760322{margin-right: -100px !important;margin-bottom: 55px !important;}&#8220; ca_start_delay=&#8220;500&#8243;][ld_fancy_heading tag=&#8220;h2&#8243; use_custom_fonts_title=&#8220;true&#8220; fs=&#8220;text_large:70px&#8220; fw=&#8220;text_small:700&#8243; ls=&#8220;text_small:-0.015em&#8220; lh=&#8220;text_small:1em&#8220; margin=&#8220;bottom_small:0px&#8220; color=&#8220;rgb(2, 170, 221)&#8220;]Sensor mit Anschlusskopf &#8211; Allgemein[\/ld_fancy_heading][ld_spacer height=&#8220;10px&#8220;][ld_fancy_heading tag=&#8220;h2&#8243; highlight_height=&#8220;0.15em&#8220; highlight_offset=&#8220;0.325em&#8220; hover_text_outline=&#8220;ld-fh-outline&#8220; outline_appearance=&#8220;ld-fh-outline-static&#8220; use_custom_fonts_title=&#8220;true&#8220; color=&#8220;rgb(15, 90, 100)&#8220; fs=&#8220;text_all:35px|text_large:30&#8243; ls=&#8220;text_small:-0.015em&#8220; lh=&#8220;text_small:1em&#8220; margin=&#8220;bottom_small:0px&#8220; [&hellip;]<\/p>\n","protected":false},"author":1,"featured_media":0,"parent":0,"menu_order":0,"comment_status":"closed","ping_status":"closed","template":"","meta":{"footnotes":""},"_links":{"self":[{"href":"http:\/\/relaunch.thgraef.de\/index.php?rest_route=\/wp\/v2\/pages\/10182"}],"collection":[{"href":"http:\/\/relaunch.thgraef.de\/index.php?rest_route=\/wp\/v2\/pages"}],"about":[{"href":"http:\/\/relaunch.thgraef.de\/index.php?rest_route=\/wp\/v2\/types\/page"}],"author":[{"embeddable":true,"href":"http:\/\/relaunch.thgraef.de\/index.php?rest_route=\/wp\/v2\/users\/1"}],"replies":[{"embeddable":true,"href":"http:\/\/relaunch.thgraef.de\/index.php?rest_route=%2Fwp%2Fv2%2Fcomments&post=10182"}],"version-history":[{"count":28,"href":"http:\/\/relaunch.thgraef.de\/index.php?rest_route=\/wp\/v2\/pages\/10182\/revisions"}],"predecessor-version":[{"id":11945,"href":"http:\/\/relaunch.thgraef.de\/index.php?rest_route=\/wp\/v2\/pages\/10182\/revisions\/11945"}],"wp:attachment":[{"href":"http:\/\/relaunch.thgraef.de\/index.php?rest_route=%2Fwp%2Fv2%2Fmedia&parent=10182"}],"curies":[{"name":"wp","href":"https:\/\/api.w.org\/{rel}","templated":true}]}}